{"id":12,"date":"2026-01-03T17:52:58","date_gmt":"2026-01-03T17:52:58","guid":{"rendered":"https:\/\/henni-consulting.com\/?page_id=12"},"modified":"2026-01-22T21:02:18","modified_gmt":"2026-01-22T21:02:18","slug":"a-propos","status":"publish","type":"page","link":"https:\/\/henni-consulting.com\/en\/a-propos\/","title":{"rendered":"\u00e0 propos"},"content":{"rendered":"<div class=\"wp-block-uagb-container uagb-layout-flex uagb-block-2c41d92f alignfull uagb-is-root-container\"><div class=\"uagb-container-inner-blocks-wrap\"><\/div><\/div>\n\n\n\n<div class=\"wp-block-uagb-container uag-blocks-common-selector uagb-layout-flex uagb-block-bd571728 alignwide uagb-is-root-container\">\n<div class=\"wp-block-uagb-info-box uagb-block-99c0cc65 uagb-infobox__content-wrap  uagb-infobox-icon-above-title uagb-infobox-image-valign-top wp-block-uagb-info-box--has-margin\"><div class=\"uagb-infobox-margin-wrapper\"><div class=\"uagb-ifb-content\"><div class=\"uagb-ifb-title-wrap\"><p class=\"uagb-ifb-title-prefix\">About us<\/p><h1 class=\"uagb-ifb-title\">Discover HENNI Consulting IEC <br>And our expertise<\/h1><\/div><p class=\"uagb-ifb-desc\">HENNI Consulting IEC empowers companies to optimize their operations in Algeria. <br>Gr\u00e2ce \u00e0 notre expertise, nos clients ont connu des r\u00e9sultats tangibles et durables dans leurs activit\u00e9s industrielles et commerciales <\/p><\/div><\/div><\/div>\n<\/div>\n\n\n\n<div style=\"height:64px\" aria-hidden=\"true\" class=\"wp-block-spacer\"><\/div>\n\n\n<div data-spectra-id=\"spectra-mke4pgv8-4olo1m\"\tstyle=\"overflow: visible; --spectra-background-color: var(--ast-global-color-4); --spectra-box-shadow: 0px 0px 0px 0px #fcb900;\" class=\"spectra-is-root-container alignfull spectra-overlay-color spectra-overflow spectra-background-color spectra-box-shadow wp-block-spectra-container\" data-orientation=\"vertical\"\t>\n\t\n<div data-spectra-id=\"spectra-mke4pnhy-khwbx7\" style=\"overflow: visible;--spectra-background-color: var(--ast-global-color-4);--spectra-overlay-opacity: 0.6;--spectra-box-shadow: 0px 0px 0px 0px transparent\" class=\"spectra-overlay-color is-vertical-desktop is-vertical-tablet-from-desktop is-vertical-mobile-from-desktop spectra-overflow spectra-background-color spectra-dim-ratio spectra-box-shadow wp-block-spectra-container\" data-orientation=\"vertical\">\n\t\n\n<div class=\"wp-block-uagb-image aligncenter uagb-block-2c6b23d0 wp-block-uagb-image--layout-default wp-block-uagb-image--effect-static wp-block-uagb-image--align-center\"><figure class=\"wp-block-uagb-image__figure\"><img decoding=\"async\" src=\"henni black logo\" alt=\"henni logo noir\" class=\"uag-image-1452\" width=\"300\" height=\"167\" title=\"henni logo noir\" loading=\"lazy\" role=\"img\" \/><\/figure><\/div>\n\n<\/div>\n\n\n<div data-spectra-id=\"spectra-mke4pni4-voli4x\" style=\"overflow: visible\" class=\"spectra-overlay-color spectra-overflow wp-block-spectra-container\" data-orientation=\"vertical\">\n\t\n\n<div class=\"wp-block-uagb-container uag-blocks-common-selector uagb-layout-flex uagb-block-2b79cca5 alignfull uagb-is-root-container\">\n<div class=\"wp-block-uagb-info-box uagb-block-03d80a89 uagb-infobox__content-wrap  uagb-infobox-icon-above-title uagb-infobox-image-valign-top wp-block-uagb-info-box--has-margin\"><div class=\"uagb-infobox-margin-wrapper\"><div class=\"uagb-ifb-content\"><div class=\"uagb-ifb-title-wrap\"><p class=\"uagb-ifb-title-prefix\">Our Journey<\/p><h2 class=\"uagb-ifb-title\">The story of HENNI Consulting IEC<br><\/h2><\/div><p class=\"uagb-ifb-desc\">Founded to meet the specific needs of international companies, <strong>HENNI Consulting IEC<\/strong> has gradually established itself as the reference strategic partner for optimizing and developing activities in Algeria.<br><br>Our journey is marked by solid collaborations, deep on-the-ground knowledge, and the ability to transform operational and regulatory constraints into performance drivers.<br><br>Driven by a team of committed experts, HENNI Consulting IEC designs and deploys tailored, results-oriented solutions that foster sustainable and controlled growth for its partners.<br><br><strong>Ready to invest in Algeria?<\/strong><br><br>You've found your&nbsp;<strong>proactive partner<\/strong>&nbsp;to build tomorrow's success from day one.<\/p><\/div><\/div><\/div>\n<\/div>\n\n<\/div>\n\n<\/div>\n\n\n\n<div style=\"height:100px\" aria-hidden=\"true\" class=\"wp-block-spacer\"><\/div>\n\n\n<div data-spectra-id=\"spectra-a01ad2bc-c66d-44ca-a68c-fc075814ba0b\"\tstyle=\"overflow: visible; --spectra-background-color: var(--ast-global-color-4); --spectra-box-shadow: 0px 0px 0px 0px #fcb900;\" class=\"spectra-is-root-container alignfull spectra-overlay-color spectra-overflow spectra-background-color spectra-box-shadow wp-block-spectra-container\" data-orientation=\"vertical\"\t>\n\t\n<div data-spectra-id=\"spectra-eec06517-b325-4dae-b914-74f1121f1ed6\" style=\"overflow: visible\" class=\"spectra-overlay-color spectra-overflow wp-block-spectra-container\" data-orientation=\"vertical\">\n\t\n\n<div class=\"wp-block-uagb-container uag-blocks-common-selector uagb-layout-flex uagb-block-b4d673d9 alignfull uagb-is-root-container\">\n<div class=\"wp-block-uagb-info-box uagb-block-ef342792 uagb-infobox__content-wrap  uagb-infobox-icon-above-title uagb-infobox-image-valign-top wp-block-uagb-info-box--has-margin\"><div class=\"uagb-infobox-margin-wrapper\"><div class=\"uagb-ifb-content\"><div class=\"uagb-ifb-title-wrap\"><p class=\"uagb-ifb-title-prefix\">Our Logo<\/p><h2 class=\"uagb-ifb-title\">A Symbol That Guides Action<br><\/h2><\/div><p class=\"uagb-ifb-desc\">Inspired by the <strong>compass rose<\/strong>, our logo symbolizes orientation<strong>, strategic clarity, and the ability to make the right choices<\/strong>, even in complex environments.<br><br>The <strong>central arrow<\/strong> embodies the right direction: analyze, decide, and guide each project with precision.<br><br>- <strong>Black<\/strong> reflects <strong>rigor, credibility, and strategic mastery<\/strong>.<br>- <strong>Red<\/strong> expresses action<strong>, commitment, and transformative energy<\/strong>.<br><br>Together, they represent the balance between <strong>vision and execution<\/strong>, at the heart of <strong>HENNI Consulting's support in Algeria.<\/strong> .<\/p><\/div><\/div><\/div>\n<\/div>\n\n<\/div>\n\n\n<div data-spectra-id=\"spectra-c1b269e5-b650-424a-bdd5-3a0a8e2ddca7\" style=\"overflow: visible;--spectra-background-color: var(--ast-global-color-4);--spectra-overlay-opacity: 0.6;--spectra-box-shadow: 0px 0px 0px 0px transparent\" class=\"spectra-overlay-color spectra-overflow spectra-background-color spectra-dim-ratio spectra-box-shadow wp-block-spectra-container\" data-orientation=\"vertical\">\n\t\n\n<div class=\"wp-block-uagb-image aligncenter uagb-block-08dcec7c wp-block-uagb-image--layout-default wp-block-uagb-image--effect-static wp-block-uagb-image--align-center\"><figure class=\"wp-block-uagb-image__figure\"><img decoding=\"async\" src=\"https:\/\/henni-consulting.com\/wp-content\/uploads\/2026\/01\/cropped-cropped-cropped-HENNI-LOGO-FAVICON-NOIR.png\" alt=\"henni logo favicon noir\" class=\"uag-image-1660\" width=\"237\" height=\"260\" title=\"henni logo favicon noir\" loading=\"lazy\" role=\"img\" \/><\/figure><\/div>\n\n<\/div>\n\n<\/div>\n\n\n\n<div style=\"height:100px\" aria-hidden=\"true\" class=\"wp-block-spacer\"><\/div>\n\n\n\n<div class=\"wp-block-media-text alignfull has-media-on-the-right is-stacked-on-mobile is-vertically-aligned-center is-image-fill-element has-background\" style=\"background-color:#7f828f1c;grid-template-columns:auto 52%\"><div class=\"wp-block-media-text__content\">\n<div class=\"wp-block-group is-layout-flow wp-block-group-is-layout-flow\" style=\"padding-top:1.2em;padding-right:0em;padding-bottom:1.2em;padding-left:0em\">\n<h5 class=\"wp-block-heading has-text-align-left has-ast-global-color-1-color has-text-color\" style=\"padding-top:var(--wp--preset--spacing--20);padding-right:0;padding-bottom:var(--wp--preset--spacing--20);padding-left:0;font-size:1.6rem;font-style:normal;font-weight:600;line-height:1.1;text-transform:capitalize\">Our Methodology<\/h5>\n\n\n\n<h2 class=\"wp-block-heading\" style=\"margin-top:var(--wp--preset--spacing--20);margin-bottom:var(--wp--preset--spacing--20);padding-top:0;padding-right:var(--wp--preset--spacing--20);padding-bottom:0;padding-left:var(--wp--preset--spacing--20);font-size:24px\">A results-oriented strategic approach<\/h2>\n<\/div>\n\n\n\n<p class=\"has-text-align-left has-bold-color has-text-color\" style=\"margin-top:var(--wp--preset--spacing--40);margin-right:var(--wp--preset--spacing--50);margin-bottom:0rem;margin-left:var(--wp--preset--spacing--20);font-size:18px;letter-spacing:0.36px;line-height:1.7\">At <strong>HENNI Consulting's support in Algeria.<\/strong>, our methodology is built on a rigorous, personalized approach tailored to each project's specific realities :<\/p>\n\n\n\n<ul class=\"wp-block-list\">\n<li style=\"font-size:18px\"><strong>Strategic analysis<\/strong> of context and challenges<\/li>\n<\/ul>\n\n\n\n<ul class=\"wp-block-list\">\n<li style=\"font-size:18px\"><strong>Tailored solutions<\/strong> adapted to each project<\/li>\n<\/ul>\n\n\n\n<ul class=\"wp-block-list\">\n<li style=\"font-size:18px\"><strong>Regulatory and international alignment<\/strong><\/li>\n<\/ul>\n\n\n\n<ul class=\"wp-block-list\">\n<li style=\"font-size:18px\"><strong>Concrete operational implementation<\/strong><\/li>\n<\/ul>\n\n\n\n<ul class=\"wp-block-list\">\n<li style=\"font-size:18px\"><strong>Ongoing monitoring and lasting value creation<\/strong><\/li>\n<\/ul>\n<\/div><figure class=\"wp-block-media-text__media\"><img loading=\"lazy\" decoding=\"async\" width=\"1024\" height=\"683\" src=\"https:\/\/henni-consulting.com\/wp-content\/uploads\/2026\/01\/pexels-edmond-dantes-4342497-1024x683.jpg\" alt=\"M\u00e9thodologie\" class=\"wp-image-1522 size-full\" style=\"object-position:87% 82%\" srcset=\"https:\/\/henni-consulting.com\/wp-content\/uploads\/2026\/01\/pexels-edmond-dantes-4342497-1024x683.jpg 1024w, https:\/\/henni-consulting.com\/wp-content\/uploads\/2026\/01\/pexels-edmond-dantes-4342497-300x200.jpg 300w, https:\/\/henni-consulting.com\/wp-content\/uploads\/2026\/01\/pexels-edmond-dantes-4342497-768x512.jpg 768w, https:\/\/henni-consulting.com\/wp-content\/uploads\/2026\/01\/pexels-edmond-dantes-4342497-1536x1024.jpg 1536w, https:\/\/henni-consulting.com\/wp-content\/uploads\/2026\/01\/pexels-edmond-dantes-4342497-2048x1365.jpg 2048w, https:\/\/henni-consulting.com\/wp-content\/uploads\/2026\/01\/pexels-edmond-dantes-4342497-18x12.jpg 18w\" sizes=\"auto, (max-width: 1024px) 100vw, 1024px\" \/><\/figure><\/div>\n\n\n\n<div class=\"wp-block-media-text alignfull is-stacked-on-mobile is-vertically-aligned-center is-image-fill-element has-background\" style=\"background-color:#7f828f1c;grid-template-columns:48% auto\"><figure class=\"wp-block-media-text__media\"><img loading=\"lazy\" decoding=\"async\" width=\"1024\" height=\"683\" src=\"https:\/\/henni-consulting.com\/wp-content\/uploads\/2026\/01\/pexels-edmond-dantes-4342124-1024x683.jpg\" alt=\"pexels edmond dantes 4342124\" class=\"wp-image-1523 size-full\" style=\"object-position:64% 95%\" srcset=\"https:\/\/henni-consulting.com\/wp-content\/uploads\/2026\/01\/pexels-edmond-dantes-4342124-1024x683.jpg 1024w, https:\/\/henni-consulting.com\/wp-content\/uploads\/2026\/01\/pexels-edmond-dantes-4342124-300x200.jpg 300w, https:\/\/henni-consulting.com\/wp-content\/uploads\/2026\/01\/pexels-edmond-dantes-4342124-768x512.jpg 768w, https:\/\/henni-consulting.com\/wp-content\/uploads\/2026\/01\/pexels-edmond-dantes-4342124-1536x1024.jpg 1536w, https:\/\/henni-consulting.com\/wp-content\/uploads\/2026\/01\/pexels-edmond-dantes-4342124-2048x1365.jpg 2048w, https:\/\/henni-consulting.com\/wp-content\/uploads\/2026\/01\/pexels-edmond-dantes-4342124-18x12.jpg 18w\" sizes=\"auto, (max-width: 1024px) 100vw, 1024px\" \/><\/figure><div class=\"wp-block-media-text__content\">\n<h5 class=\"wp-block-heading has-text-align-left has-ast-global-color-1-color has-text-color\" style=\"margin-top:var(--wp--preset--spacing--50);margin-right:0;margin-bottom:var(--wp--preset--spacing--50);margin-left:0;font-size:2rem;font-style:normal;font-weight:600;line-height:1;text-transform:capitalize\">Core values<\/h5>\n\n\n\n<h2 class=\"wp-block-heading\" style=\"margin-top:var(--wp--preset--spacing--20);margin-bottom:var(--wp--preset--spacing--20);padding-top:0;padding-right:var(--wp--preset--spacing--20);padding-bottom:0;padding-left:var(--wp--preset--spacing--20);font-size:24px\">Principles that guide every one of our actions<\/h2>\n\n\n\n<p class=\"has-text-align-left has-bold-color has-text-color\" style=\"margin-top:var(--wp--preset--spacing--60);margin-right:var(--wp--preset--spacing--30);margin-bottom:0.5rem;margin-left:var(--wp--preset--spacing--30);font-size:18px;letter-spacing:0.36px;line-height:1.8\">Our interventions are grounded in strong values that shape our approach and build trust with our clients:<\/p>\n\n\n\n<ul style=\"padding-top:var(--wp--preset--spacing--30);padding-bottom:var(--wp--preset--spacing--30)\" class=\"wp-block-list\">\n<li style=\"margin-top:1rem;margin-bottom:1rem;font-size:18px\"><strong>Confidentiality<\/strong>,<\/li>\n\n\n\n<li style=\"margin-top:1px;margin-bottom:1px;font-size:18px\"><strong>Credibility,<\/strong>,<\/li>\n\n\n\n<li style=\"margin-top:var(--wp--preset--spacing--30);margin-bottom:var(--wp--preset--spacing--30);font-size:18px\"><strong>Transparency,<\/strong>,<\/li>\n\n\n\n<li class=\"has-z-index\" style=\"margin-top:1rem;margin-bottom:1rem;font-size:18px --spectra-z-index: 370;\"><strong><strong>Commitment<\/strong>.<\/strong>,<\/li>\n\n\n\n<li style=\"margin-top:1rem;margin-bottom:1rem;font-size:18px\"><strong><strong><strong>Rigour,<\/strong><\/strong><\/strong>,<\/li>\n\n\n\n<li style=\"margin-top:1rem;margin-bottom:1rem;font-size:19px\"><strong><strong><strong>Long-term vision.<\/strong><\/strong><\/strong>.<\/li>\n<\/ul>\n<\/div><\/div>\n\n\n\n<div class=\"wp-block-media-text alignfull has-media-on-the-right is-stacked-on-mobile is-vertically-aligned-center is-image-fill-element has-background\" style=\"background-color:#7f828f1c;padding-top:0;padding-bottom:0;grid-template-columns:auto 52%\"><div class=\"wp-block-media-text__content\">\n<h5 class=\"wp-block-heading has-text-align-left has-ast-global-color-1-color has-text-color\" style=\"margin-top:0;margin-right:var(--wp--preset--spacing--20);margin-bottom:0;margin-left:var(--wp--preset--spacing--20);padding-top:var(--wp--preset--spacing--40);padding-bottom:var(--wp--preset--spacing--40);font-size:2rem;font-style:normal;font-weight:600;line-height:1.1;text-transform:capitalize\">Our mission<\/h5>\n\n\n\n<h3 class=\"wp-block-heading\" style=\"border-style:none;border-width:0px;margin-top:0.2rem;margin-bottom:0.2rem;padding-top:var(--wp--preset--spacing--30);padding-right:var(--wp--preset--spacing--20);padding-bottom:var(--wp--preset--spacing--30);padding-left:var(--wp--preset--spacing--20);font-size:24px\">A strategic partner for success in Algeria<\/h3>\n\n\n\n<p class=\"has-text-align-left has-bold-color has-text-color\" style=\"margin-top:var(--wp--preset--spacing--40);margin-right:var(--wp--preset--spacing--50);margin-bottom:0rem;margin-left:var(--wp--preset--spacing--20);font-size:18px;letter-spacing:0.36px;line-height:1.7\">At <strong>HENNI Consulting's support in Algeria.<\/strong>, we act as <strong>a trusted strategic partner<\/strong> for those seeking <strong>sustainable success and establishment in Algeria.<\/strong>. Notre mission est de transformer les opportunit\u00e9s en projets concrets, structur\u00e9s et p\u00e9rennes.<\/p>\n\n\n\n<ul class=\"wp-block-list\">\n<li style=\"font-size:18px\"><strong>Strategic analysis<\/strong> of context and challenges<\/li>\n<\/ul>\n\n\n\n<ul class=\"wp-block-list\">\n<li style=\"font-size:18px\"><strong>Tailored solutions<\/strong> adapted to each project<\/li>\n<\/ul>\n\n\n\n<ul class=\"wp-block-list\">\n<li style=\"font-size:18px\"><strong>Regulatory and international alignment<\/strong><\/li>\n<\/ul>\n\n\n\n<ul class=\"wp-block-list\">\n<li style=\"font-size:18px\"><strong>Concrete operational implementation<\/strong><\/li>\n<\/ul>\n\n\n\n<ul class=\"wp-block-list\">\n<li style=\"font-size:18px\"><strong>Ongoing monitoring and lasting value creation<\/strong><\/li>\n<\/ul>\n<\/div><figure class=\"wp-block-media-text__media\"><img loading=\"lazy\" decoding=\"async\" width=\"1024\" height=\"683\" src=\"https:\/\/henni-consulting.com\/wp-content\/uploads\/2026\/01\/pexels-edmond-dantes-4342126-1024x683.jpg\" alt=\"pexels edmond dantes 4342126\" class=\"wp-image-1268 size-full\" style=\"object-position:42% 100%\" srcset=\"https:\/\/henni-consulting.com\/wp-content\/uploads\/2026\/01\/pexels-edmond-dantes-4342126-1024x683.jpg 1024w, https:\/\/henni-consulting.com\/wp-content\/uploads\/2026\/01\/pexels-edmond-dantes-4342126-300x200.jpg 300w, https:\/\/henni-consulting.com\/wp-content\/uploads\/2026\/01\/pexels-edmond-dantes-4342126-768x512.jpg 768w, https:\/\/henni-consulting.com\/wp-content\/uploads\/2026\/01\/pexels-edmond-dantes-4342126-1536x1024.jpg 1536w, https:\/\/henni-consulting.com\/wp-content\/uploads\/2026\/01\/pexels-edmond-dantes-4342126-2048x1365.jpg 2048w, https:\/\/henni-consulting.com\/wp-content\/uploads\/2026\/01\/pexels-edmond-dantes-4342126-18x12.jpg 18w\" sizes=\"auto, (max-width: 1024px) 100vw, 1024px\" \/><\/figure><\/div>\n\n\n\n<div style=\"height:100px\" aria-hidden=\"true\" class=\"wp-block-spacer\"><\/div>\n\n\n\n<div class=\"wp-block-uagb-container uag-blocks-common-selector uagb-layout-flex uagb-block-1b6f8c6f alignfull uagb-is-root-container\"><div class=\"uagb-container-inner-blocks-wrap\">\n<div class=\"wp-block-uagb-info-box uagb-block-2abebf24 uagb-infobox__content-wrap  uagb-infobox-icon-above-title uagb-infobox-image-valign-top wp-block-uagb-info-box--has-margin\"><div class=\"uagb-infobox-margin-wrapper\"><div class=\"uagb-ifb-content\"><div class=\"uagb-ifb-icon-wrap\"><svg xmlns=\"https:\/\/www.w3.org\/2000\/svg\" viewbox=\"0 0 448 512\"><path d=\"M96 96C42.98 96 0 138.1 0 192s42.98 96 96 96c11.28 0 21.95-2.305 32-5.879V288c0 35.3-28.7 64-64 64c-17.67 0-32 14.33-32 32s14.33 32 32 32c70.58 0 128-57.42 128-128V192C192 138.1 149 96 96 96zM448 192c0-53.02-42.98-96-96-96s-96 42.98-96 96s42.98 96 96 96c11.28 0 21.95-2.305 32-5.879V288c0 35.3-28.7 64-64 64c-17.67 0-32 14.33-32 32s14.33 32 32 32c70.58 0 128-57.42 128-128V192z\"><\/path><\/svg><\/div><div class=\"uagb-ifb-title-wrap\"><p class=\"uagb-ifb-title\">We firmly believe that every company has the potential to excel.<br>At HENNI Consulting, our goal is to unlock that potential through tailored expertise and customized solutions.<\/p><\/div><p class=\"uagb-ifb-desc\"><strong>HENNI Consulting IEC<\/strong><\/p><\/div><\/div><\/div>\n<\/div><\/div>\n\n\n\n<div style=\"height:100px\" aria-hidden=\"true\" class=\"wp-block-spacer\"><\/div>\n\n\n\n<div style=\"height:100px\" aria-hidden=\"true\" class=\"wp-block-spacer\"><\/div>\n\n\n\n<div class=\"wp-block-uagb-container uagb-layout-flex uagb-block-05314e7e alignfull uagb-is-root-container\"><div class=\"uagb-container-inner-blocks-wrap\">\n<div class=\"wp-block-uagb-info-box uagb-block-8ce7620c uagb-infobox__content-wrap  uagb-infobox-icon-above-title uagb-infobox-image-valign-top\"><div class=\"uagb-ifb-content\"><div class=\"uagb-ifb-title-wrap\"><p class=\"uagb-ifb-title-prefix\">Ready to get started?<\/p><h1 class=\"uagb-ifb-title\">Contact us for a consultation today.<\/h1><\/div><p class=\"uagb-ifb-desc\">Let us help you bring your industrial projects to life with tailored, effective solutions.<\/p><div class=\"uagb-ifb-button-wrapper wp-block-button\"><a href=\"\/en\/contact\/\" class=\"uagb-infobox-cta-link wp-block-button__link\" target=\"_self\" rel=\"noopener noreferrer\" onclick=\"return true;\"><span class=\"uagb-inline-editing\">Contact us<\/span><\/a><\/div><\/div><\/div>\n<\/div><\/div>","protected":false},"excerpt":{"rendered":"","protected":false},"author":4,"featured_media":0,"parent":0,"menu_order":0,"comment_status":"closed","ping_status":"closed","template":"","meta":{"_uag_custom_page_level_css":"","site-sidebar-layout":"default","site-content-layout":"","ast-site-content-layout":"default","site-content-style":"default","site-sidebar-style":"default","ast-global-header-display":"","ast-banner-title-visibility":"","ast-main-header-display":"","ast-hfb-above-header-display":"","ast-hfb-below-header-display":"","ast-hfb-mobile-header-display":"","site-post-title":"disabled","ast-breadcrumbs-content":"","ast-featured-img":"","footer-sml-layout":"","ast-disable-related-posts":"","theme-transparent-header-meta":"","adv-header-id-meta":"","stick-header-meta":"","header-above-stick-meta":"","header-main-stick-meta":"","header-below-stick-meta":"","astra-migrate-meta-layouts":"default","ast-page-background-enabled":"default","ast-page-background-meta":{"desktop":{"background-color":"var(--ast-global-color-4)","background-image":"","background-repeat":"repeat","background-position":"center center","background-size":"auto","background-attachment":"scroll","background-type":"","background-media":"","overlay-type":"","overlay-color":"","overlay-opacity":"","overlay-gradient":""},"tablet":{"background-color":"","background-image":"","background-repeat":"repeat","background-position":"center center","background-size":"auto","background-attachment":"scroll","background-type":"","background-media":"","overlay-type":"","overlay-color":"","overlay-opacity":"","overlay-gradient":""},"mobile":{"background-color":"","background-image":"","background-repeat":"repeat","background-position":"center center","background-size":"auto","background-attachment":"scroll","background-type":"","background-media":"","overlay-type":"","overlay-color":"","overlay-opacity":"","overlay-gradient":""}},"ast-content-background-meta":{"desktop":{"background-color":"var(--ast-global-color-5)","background-image":"","background-repeat":"repeat","background-position":"center center","background-size":"auto","background-attachment":"scroll","background-type":"","background-media":"","overlay-type":"","overlay-color":"","overlay-opacity":"","overlay-gradient":""},"tablet":{"background-color":"var(--ast-global-color-5)","background-image":"","background-repeat":"repeat","background-position":"center center","background-size":"auto","background-attachment":"scroll","background-type":"","background-media":"","overlay-type":"","overlay-color":"","overlay-opacity":"","overlay-gradient":""},"mobile":{"background-color":"var(--ast-global-color-5)","background-image":"","background-repeat":"repeat","background-position":"center center","background-size":"auto","background-attachment":"scroll","background-type":"","background-media":"","overlay-type":"","overlay-color":"","overlay-opacity":"","overlay-gradient":""}},"footnotes":""},"class_list":["post-12","page","type-page","status-publish","hentry"],"uagb_featured_image_src":{"full":false,"thumbnail":false,"medium":false,"medium_large":false,"large":false,"1536x1536":false,"2048x2048":false,"trp-custom-language-flag":false},"uagb_author_info":{"display_name":"HENNI Consulting Team","author_link":"https:\/\/henni-consulting.com\/en\/author\/k4w2sowgfkcw\/"},"uagb_comment_info":0,"uagb_excerpt":null,"_links":{"self":[{"href":"https:\/\/henni-consulting.com\/en\/wp-json\/wp\/v2\/pages\/12","targetHints":{"allow":["GET"]}}],"collection":[{"href":"https:\/\/henni-consulting.com\/en\/wp-json\/wp\/v2\/pages"}],"about":[{"href":"https:\/\/henni-consulting.com\/en\/wp-json\/wp\/v2\/types\/page"}],"author":[{"embeddable":true,"href":"https:\/\/henni-consulting.com\/en\/wp-json\/wp\/v2\/users\/4"}],"replies":[{"embeddable":true,"href":"https:\/\/henni-consulting.com\/en\/wp-json\/wp\/v2\/comments?post=12"}],"version-history":[{"count":86,"href":"https:\/\/henni-consulting.com\/en\/wp-json\/wp\/v2\/pages\/12\/revisions"}],"predecessor-version":[{"id":2036,"href":"https:\/\/henni-consulting.com\/en\/wp-json\/wp\/v2\/pages\/12\/revisions\/2036"}],"wp:attachment":[{"href":"https:\/\/henni-consulting.com\/en\/wp-json\/wp\/v2\/media?parent=12"}],"curies":[{"name":"wp","href":"https:\/\/api.w.org\/{rel}","templated":true}]}}